{"id":3,"date":"2025-03-03T11:11:01","date_gmt":"2025-03-03T16:11:01","guid":{"rendered":"https:\/\/jspartesyequipos.com\/?page_id=3"},"modified":"2026-02-27T14:53:31","modified_gmt":"2026-02-27T19:53:31","slug":"politica-privacidad","status":"publish","type":"page","link":"https:\/\/jspartesyequipos.com\/en\/politica-privacidad\/","title":{"rendered":"Pol\u00edtica de tratamiento de datos personales"},"content":{"rendered":"<div style=\"height:133px\" aria-hidden=\"true\" class=\"wp-block-spacer\"><\/div>\n\n\n\n<p><strong>INTRODUCCI\u00d3N<\/strong><\/p>\n\n\n\n<p>La Constituci\u00f3n Pol\u00edtica de Colombia en su art\u00edculo 15 establece como derecho de todo ciudadano adem\u00e1s de la intimidad, buen nombre, el derecho a \u201c(\u2026)&nbsp; conocer, actualizar y rectificar las informaciones que se hayan recogido sobre ellas en bancos de datos y en archivos de entidades p\u00fablicas y privadas (\u2026)\u201d. El deber de respetar ese derecho recae tanto en entidades p\u00fablicas como entes privados, por lo cual, se torna en obligaci\u00f3n para JS Partes &amp; Equipos., poner en marcha una pol\u00edtica interna con el fin de garantizar el derecho ya rese\u00f1ado.<\/p>\n\n\n\n<p><strong>OBJETIVOS DE LA POL\u00cdTICA<\/strong><\/p>\n\n\n\n<p>La finalidad suprema de la presente Pol\u00edtica consiste en brindar la informaci\u00f3n necesaria y suficiente a los diferentes colaboradores, clientes y en general, a toda aquella persona natural que autorice el tratamiento de sus datos personales. De igual forma, establecer los lineamientos m\u00ednimos que garanticen la protecci\u00f3n de los datos personales que son objeto de tratamiento a trav\u00e9s de los procedimientos implementados por JS Partes &amp; Equipos., en este documento.<\/p>\n\n\n\n<p><strong>DATOS RECOLECTADOS PREVIO COONSENTIMIENTO CUANDO SE REQUIERE<\/strong><\/p>\n\n\n\n<p><strong>Dato p\u00fablico:\u00a0<\/strong>Es el dato que no sea semiprivado, privado o sensible. Son considerados datos p\u00fablicos, entre otros, los datos relativos al estado civil de las personas, a su profesi\u00f3n u oficio y a su calidad de comerciante o de servidor p\u00fablico. Por su naturaleza, los datos p\u00fablicos pueden estar contenidos, entre otros, en registros p\u00fablicos, documentos p\u00fablicos, gacetas y boletines oficiales y sentencias judiciales debidamente ejecutoriadas que no est\u00e9n sometidas a reserva.<\/p>\n\n\n\n<p><strong>Dato semiprivado:<\/strong>\u00a0Es aquella informaci\u00f3n que no es de naturaleza \u00edntima, reservada ni p\u00fablica y cuyo conocimiento o divulgaci\u00f3n puede interesar no s\u00f3lo a su titular sino a cierto sector o grupo de personas o a la sociedad en general, como es el caso de los datos financieros, crediticios o actividades comerciales<\/p>\n\n\n\n<p>Datos privados: son aquellos que por su naturaleza \u00edntima o reservada s\u00f3lo son relevantes para el titular. Por ejemplo: nivel de ingresos, datos financieros, capacidad de endeudamiento, patrimonio bruto, personas a cargo, composici\u00f3n del grupo familiar, hobbies o aficiones, bienes que posee, informaci\u00f3n laboral, preferencias en redes sociales, h\u00e1bitos de conducci\u00f3n, h\u00e1bitos de consumo, as\u00ed como datos de contacto como direcci\u00f3n, tel\u00e9fono y correo electr\u00f3nico personal.<\/p>\n\n\n\n<p>Datos sensibles:&nbsp;Se entiende por datos sensibles aquellos que afectan la intimidad del Titular o cuyo uso indebido puede generar su discriminaci\u00f3n, tales como aquellos que revelen el origen racial o \u00e9tnico, la orientaci\u00f3n pol\u00edtica, las convicciones religiosas o filos\u00f3ficas, la pertenencia a sindicatos, organizaciones sociales, de derechos humanos o que promueva intereses de cualquier partido pol\u00edtico o que garanticen los derechos y garant\u00edas de partidos pol\u00edticos de oposici\u00f3n, as\u00ed como los datos relativos a la salud, a la vida sexual, y los datos biom\u00e9tricos.<\/p>\n\n\n\n<p><strong>DESTINATARIOS DE LA POL\u00cdTICA<\/strong><\/p>\n\n\n\n<p>Esta pol\u00edtica se aplicar\u00e1 a todas las bases de datos tanto f\u00edsicas como digitales, que contengan datos personales de personas naturales y que sean objeto de Tratamiento por parte de JS Partes &amp; Equipos., considerada como responsable.<\/p>\n\n\n\n<p><strong>TRATAMIENTO<\/strong><\/p>\n\n\n\n<p>El tratamiento concreto que JS Partes &amp; Equipos., dar\u00e1 a los datos personales tienden a operaciones para la recolecci\u00f3n, almacenamiento, organizaci\u00f3n, uso, circulaci\u00f3n, transmisi\u00f3n, transferirlos, actualizarlos, rectificarlos, suprimirlos, eliminarlos y en general gestionarlos de acuerdo y en proporci\u00f3n a las autorizaciones dadas por los titulares y la finalidad o finalidades que tenga cada tratamiento.<\/p>\n\n\n\n<p><strong>FINALIDADES<\/strong><\/p>\n\n\n\n<p>Dentro de las finalidades que se prev\u00e9n puede hacer uso del tratamiento de los datos personales JS Partes &amp; Equipos., se encuentran las siguientes:<\/p>\n\n\n\n<p><strong>CON USUARIOS EXTERNOS:<\/strong><\/p>\n\n\n\n<ul class=\"wp-block-list\">\n<li>Ejecutar la relaci\u00f3n contractual existente con los clientes, proveedores y trabajadores, incluido el pago de obligaciones contractuales.<\/li>\n\n\n\n<li>Proveer los servicios o los productos requeridos por sus nuestros usuarios.<\/li>\n\n\n\n<li>Informar sobre nuevos productos o servicios o sobre cambios en los mismos;<\/li>\n\n\n\n<li>Evaluar la calidad del servicio o productos entregados.<\/li>\n\n\n\n<li>Realizar estudios internos sobre h\u00e1bitos de consumo.<\/li>\n\n\n\n<li>Enviar al correo f\u00edsico, electr\u00f3nico, celular o dispositivo m\u00f3vil, v\u00eda mensajes de texto (SMS y\/o MMS) o a trav\u00e9s de cualquier otro medio an\u00e1logo o digital de comunicaci\u00f3n creado o por crearse, informaci\u00f3n comercial, publicitaria o promocional sobre los productos o servicios, eventos o promociones de tipo comercial o no de estas, con el fin de impulsar, invitar, dirigir, ejecutar, informar y de manera general, llevar a cabo campa\u00f1as, promociones o concursos de car\u00e1cter comercial o publicitario, adelantados por JS Partes &amp; Equipos., o por terceras personas.<\/li>\n\n\n\n<li>Desarrollar el proceso de selecci\u00f3n, evaluaci\u00f3n, y vinculaci\u00f3n laboral.<\/li>\n\n\n\n<li>Soportar procesos de auditor\u00eda interna o externa.<\/li>\n\n\n\n<li>Registrar la informaci\u00f3n de empleados o pensionados (activos e inactivos) en las bases de datos de JS Partes &amp; Equipos.<\/li>\n\n\n\n<li>Los indicados en la autorizaci\u00f3n otorgada por el titular del dato o descritos en el aviso de privacidad respectivo, seg\u00fan sea el caso.<\/li>\n\n\n\n<li>Suministrar, compartir, enviar o entregar sus datos personales a empresas filiales, vinculadas, o subordinadas de JS Partes &amp; Equipos, ubicadas en Colombia o cualquier otro pa\u00eds en el evento que dichas compa\u00f1\u00edas requieran la informaci\u00f3n para los fines aqu\u00ed indicados. Respecto de los datos (I) recolectados directamente en los puntos de seguridad, (II) tomados de los documentos que suministran las personas al personal de seguridad y (III) obtenidos de las videograbaciones que se realizan dentro o fuera de las instalaciones de JS Partes &amp; Equipos, estos se utilizar\u00e1n para fines de seguridad de las personas, los bienes e instalaciones de JS Partes &amp; Equipos., y podr\u00e1n ser utilizados como prueba en cualquier tipo de proceso. Si un dato personal es proporcionado, dicha informaci\u00f3n ser\u00e1 utilizada s\u00f3lo para los prop\u00f3sitos aqu\u00ed se\u00f1alados, y por tanto, JS Partes &amp; Equipos., no proceder\u00e1 a vender, licenciar, transmitir, o divulgar la misma, salvo que: (I) exista autorizaci\u00f3n expresa para hacerlo; (II) sea necesario para permitir a los contratistas o agentes prestar los servicios encomendados; (III) sea necesario con el fin de proveer nuestros servicios o productos; (IV) sea necesario divulgarla a las entidades que prestan servicios de mercadeo en nombre de JS Partes &amp; Equipos., o a otras entidades con las cuales se tengan acuerdos de mercado conjunto; (V) la informaci\u00f3n tenga relaci\u00f3n con una fusi\u00f3n, consolidaci\u00f3n, adquisici\u00f3n, desinversi\u00f3n, u otro proceso de restructuraci\u00f3n de la sociedad; (VI) que sea requerido o permitido por la ley.<\/li>\n\n\n\n<li>JS Partes &amp; Equipos, podr\u00e1 subcontratar a terceros para el procesamiento de determinadas funciones o informaci\u00f3n. Cuando efectivamente se subcontrate con terceros el procesamiento de informaci\u00f3n personal o se proporcione informaci\u00f3n personal a terceros prestadores de servicios, JS Partes &amp; Equipos., advertir\u00e1 a dichos terceros sobre la necesidad de proteger dicha informaci\u00f3n personal con medidas de seguridad apropiadas, se proh\u00edbe el uso de la informaci\u00f3n para fines propios y se solicita que no se divulgue la informaci\u00f3n personal a otros.<\/li>\n\n\n\n<li>Mantener un archivo digital que permita contar con la informaci\u00f3n correspondiente a cada contrato.<\/li>\n\n\n\n<li>Gestionar el proceso Contable de la Entidad.<\/li>\n\n\n\n<li>Realizar todas las actividades necesarias para el cumplimiento de las diferentes etapas contractuales en las relaciones con proveedores y contratistas.<\/li>\n\n\n\n<li>Realizar todos los tr\u00e1mites internos y el cumplimiento de obligaciones contables, tributarias y de ley.<\/li>\n<\/ul>\n\n\n\n<p><strong>DERECHOS DE LOS TITULARES<\/strong><\/p>\n\n\n\n<p>Los titulares de los datos personales y que autoricen a JS Partes &amp; Equipos., a su tratamiento, de acuerdo a la Ley 1281 de 1012 tienen los siguientes derechos:<\/p>\n\n\n\n<ul class=\"wp-block-list\">\n<li>Conocer, actualizar y rectificar sus datos personales frente a JS Partes &amp; Equipos., o a quien este encargue para el Tratamiento. Este derecho se podr\u00e1 ejercer, entre otros frente a datos parciales, inexactos, incompletos, fraccionados, que induzcan a error, o aquellos cuyo Tratamiento est\u00e9 expresamente prohibido o no haya sido autorizado.<\/li>\n\n\n\n<li>Solicitar prueba de la autorizaci\u00f3n otorgada a JS Partes &amp; Equipos, del Tratamiento salvo cuando expresamente se except\u00fae como requisito para el Tratamiento.<\/li>\n\n\n\n<li>Ser informado por JS Partes &amp; Equipos., del Tratamiento o el Encargado del Tratamiento, previa solicitud, respecto del uso que le ha dado a sus datos personales.<\/li>\n\n\n\n<li>Presentar ante la Superintendencia de Industria y Comercio quejas por infracciones a lo dispuesto en la ley y las dem\u00e1s normas que la modifiquen, adicionen o complementen.<\/li>\n\n\n\n<li>Revocar la autorizaci\u00f3n y\/o solicitar la supresi\u00f3n del dato cuando en el Tratamiento no se respeten los principios, derechos y garant\u00edas constitucionales y legales. La revocatoria y\/o supresi\u00f3n proceder\u00e1 cuando la Superintendencia de Industria y Comercio haya determinado que en el Tratamiento JS Partes &amp; Equipos., o su Encargado han incurrido en conductas contrarias a esta ley y a la Constituci\u00f3n.<\/li>\n\n\n\n<li>Acceder en forma gratuita a sus datos personales que hayan sido objeto de Tratamiento por parte de JS Partes &amp; Equipos.<\/li>\n<\/ul>\n\n\n\n<p><strong>DEBERES DE JS Partes &amp; Equipos.<\/strong><\/p>\n\n\n\n<p>Es obligaci\u00f3n de JS Partes &amp; Equipos, informar de forma clara y expresa en el momento de solicitar autorizaci\u00f3n para tratamiento de los datos personales seguir los siguientes pasos:<\/p>\n\n\n\n<ul class=\"wp-block-list\">\n<li>El Tratamiento al cual ser\u00e1n sometidos sus datos personales y la finalidad del mismo.<\/li>\n\n\n\n<li>El car\u00e1cter facultativo de la respuesta a las preguntas que le sean hechas, cuando estas versen sobre datos sensibles o sobre los datos de las ni\u00f1as, ni\u00f1os y adolescentes.<\/li>\n\n\n\n<li>Los derechos que le asisten como Titular.<\/li>\n\n\n\n<li>La identificaci\u00f3n, direcci\u00f3n f\u00edsica o electr\u00f3nica y tel\u00e9fono de JS Partes &amp; Equipos.<\/li>\n\n\n\n<li>JS Partes &amp; Equipos, deber\u00e1 conservar prueba del cumplimiento de la autorizaci\u00f3n y, cuando el Titular lo solicite, entregarle copia de esta.<\/li>\n\n\n\n<li>Garantizar al Titular, en todo tiempo, el pleno y efectivo ejercicio del derecho de h\u00e1beas data.&nbsp;<\/li>\n\n\n\n<li>Conservar la informaci\u00f3n bajo las condiciones de seguridad necesarias para impedir su adulteraci\u00f3n, p\u00e9rdida, consulta, uso o acceso no autorizado o fraudulento.&nbsp;<\/li>\n\n\n\n<li>Garantizar que la informaci\u00f3n que se suministre al Encargado del Tratamiento sea veraz, completa, exacta, actualizada, comprobable y comprensible.&nbsp;<\/li>\n\n\n\n<li>Actualizar la informaci\u00f3n, comunicando de forma oportuna al Encargado del Tratamiento, todas las novedades respecto de los datos que previamente le haya suministrado y adoptar las dem\u00e1s medidas necesarias para que la informaci\u00f3n suministrada a este se mantenga actualizada.&nbsp;<\/li>\n\n\n\n<li>Rectificar la informaci\u00f3n cuando sea incorrecta y comunicar lo pertinente al Encargado del Tratamiento.&nbsp;<\/li>\n\n\n\n<li>Suministrar al Encargado del Tratamiento, seg\u00fan el caso, \u00fanicamente datos cuyo Tratamiento est\u00e9 previamente autorizado de conformidad con lo previsto en la ley.&nbsp;<\/li>\n\n\n\n<li>Exigir al Encargado del Tratamiento en todo momento, el respeto a las condiciones de seguridad y privacidad de la informaci\u00f3n del Titular.<\/li>\n\n\n\n<li>Tramitar las consultas y reclamos formulados en los t\u00e9rminos se\u00f1alados en la ley.&nbsp;<\/li>\n\n\n\n<li>Adoptar procedimientos espec\u00edficos para garantizar el adecuado cumplimiento de la ley y en especial, para la atenci\u00f3n de consultas y reclamos.&nbsp;<\/li>\n\n\n\n<li>Informar al Encargado del Tratamiento cuando determinada informaci\u00f3n se encuentra en discusi\u00f3n por parte del Titular, una vez se haya presentado la reclamaci\u00f3n y no haya finalizado el tr\u00e1mite respectivo.<\/li>\n\n\n\n<li>Informar a solicitud del Titular sobre el uso de sus datos.&nbsp;<\/li>\n\n\n\n<li>Informar a la autoridad de protecci\u00f3n de datos cuando se presenten violaciones a los c\u00f3digos de seguridad y existan riesgos en la administraci\u00f3n de la informaci\u00f3n de los Titulares.<\/li>\n\n\n\n<li>Garantizar que sus colaboradores al realizar las actividades propias de su cargo, asumir\u00e1n las responsabilidades y las obligaciones que se tienen en el manejo adecuado de la informaci\u00f3n personal, desde su recolecci\u00f3n, almacenamiento, uso, circulaci\u00f3n y hasta su disposici\u00f3n final.<\/li>\n<\/ul>\n\n\n\n<p>S\u00f3lo entregar informaci\u00f3n a:<\/p>\n\n\n\n<ul class=\"wp-block-list\">\n<li>A los Titulares, sus causahabientes o sus representantes legales.<\/li>\n\n\n\n<li>A las entidades p\u00fablicas o administrativas en ejercicio de sus funciones legales o por orden judicial;<\/li>\n\n\n\n<li>A los terceros autorizados por el Titular o por la ley.<\/li>\n<\/ul>\n\n\n\n<p><strong>PROCEDIMIENTO PARA ATENDER CONSULTAS Y RECLAMOS<\/strong><\/p>\n\n\n\n<p>Los titulares de Datos Personales, sin importar el tipo de vinculaci\u00f3n que tengan con JS Partes &amp; Equipos., pueden ejercer sus derechos a conocer, actualizar, rectificar y suprimir informaci\u00f3n y\/o revocar la autorizaci\u00f3n otorgada, de acuerdo con los siguientes procedimientos:<\/p>\n\n\n\n<p><strong>CONSULTAS<\/strong><\/p>\n\n\n\n<p>Los Titulares o sus causahabientes y en general, el autorizado para recibir informaci\u00f3n de sus bases de datos podr\u00e1 consultar la informaci\u00f3n personal del Titular que repose en la base de datos de JS Partes &amp; Equipos. P JS Partes &amp; Equipos., deber\u00e1n suministrar a estos toda la informaci\u00f3n contenida en el registro individual o que est\u00e9 vinculada con la identificaci\u00f3n del Titular.<\/p>\n\n\n\n<p><strong>Requisitos m\u00ednimos de la consulta:<\/strong><\/p>\n\n\n\n<ul class=\"wp-block-list\">\n<li>Nombres y apellidos del Titular y\/o su representante y\/o causahabientes<\/li>\n\n\n\n<li>Lo que se pretende consultar<\/li>\n\n\n\n<li>Direcci\u00f3n f\u00edsica, electr\u00f3nica y tel\u00e9fono de contacto del Titular y\/o sus causahabientes o representantes.<\/li>\n\n\n\n<li>Firma, n\u00famero de identificaci\u00f3n o procedimiento de validaci\u00f3n correspondiente.<\/li>\n\n\n\n<li>Haber sido presentada por los medios de consulta habilitados por JS Partes &amp; Equipos.<\/li>\n<\/ul>\n\n\n\n<p><strong>Canales para radicar consultas:<\/strong><\/p>\n\n\n\n<p>La consulta se formular\u00e1 medio de correo electr\u00f3nico a la siguiente direcci\u00f3n:&nbsp;<a href=\"mailto:servicioalcliente@pbasian.com\">servicioalcliente@pbasian.com<\/a>; o de manera f\u00edsica en <strong>Cr. 33a 72 sur 184, La Doctora, Sabaneta, Antioquia 055457, Colombia.<\/strong><\/p>\n\n\n\n<p><strong>Tiempo de respuesta y pr\u00f3rroga:<\/strong><\/p>\n\n\n\n<p>Luego de recibirse la consulta, esta ser\u00e1 atendida en un t\u00e9rmino m\u00e1ximo de diez (10) d\u00edas h\u00e1biles contados a partir de la fecha de recibo de la misma. Cuando no fuere posible atender la consulta dentro de dicho t\u00e9rmino, se informar\u00e1 al interesado, expresando los motivos de la demora y se\u00f1alando la fecha en que se atender\u00e1 su consulta, la cual en ning\u00fan caso podr\u00e1 superar los cinco (5) d\u00edas h\u00e1biles siguientes al vencimiento del primer t\u00e9rmino.<\/p>\n\n\n\n<p><strong>RECLAMOS<\/strong><\/p>\n\n\n\n<p>El Titular o sus causahabientes que consideren que la informaci\u00f3n contenida en la base de datos de JS Partes &amp; Equipos, debe ser objeto de correcci\u00f3n, actualizaci\u00f3n o supresi\u00f3n, o cuando adviertan el presunto incumplimiento de cualquiera de los deberes contenidos en la ley o la presente pol\u00edtica de datos, podr\u00e1n presentar un reclamo de acuerdo a las siguientes reglas:<\/p>\n\n\n\n<p>El reclamo se formular\u00e1 mediante solicitud dirigida JS Partes &amp; Equipos, cumplimiento los siguientes requisitos m\u00ednimos:<\/p>\n\n\n\n<ul class=\"wp-block-list\">\n<li>Identificaci\u00f3n del Titular.<\/li>\n<\/ul>\n\n\n\n<p><strong>Requisitos m\u00ednimos del reclamo:<\/strong><\/p>\n\n\n\n<ul class=\"wp-block-list\">\n<li>Nombres y apellidos del Titular y\/o su representante y\/o causahabientes<\/li>\n\n\n\n<li>Lo que se pretende reclamar (correcci\u00f3n, actualizaci\u00f3n, supresi\u00f3n, incumplimiento de ley)<\/li>\n\n\n\n<li>Descripci\u00f3n de los hechos que dan lugar al reclamo.<\/li>\n\n\n\n<li>Documentos que se quiera hacer valer.<\/li>\n\n\n\n<li>Direcci\u00f3n f\u00edsica, electr\u00f3nica y tel\u00e9fono de contacto del Titular y\/o sus causahabientes o representantes.<\/li>\n\n\n\n<li>Firma, n\u00famero de identificaci\u00f3n o procedimiento de validaci\u00f3n correspondiente.<\/li>\n\n\n\n<li>Haber sido presentada por los medios de consulta habilitados por JS Partes &amp; Equipos,<\/li>\n<\/ul>\n\n\n\n<p><strong>Canales para radicar reclamos:<\/strong><\/p>\n\n\n\n<p>La consulta se formular\u00e1 medio de correo electr\u00f3nico a la siguiente direcci\u00f3n:&nbsp;<a href=\"mailto:servicioalcliente@pbasian.com\">servicioalcliente@pbasian.com<\/a>; o de manera f\u00edsica en Carrera 23 No. 25-61 Edificio don Pedro, Oficina 705, Manizales, Caldas, Colombia.<\/p>\n\n\n\n<p><strong>Reclamo incompleto<\/strong><\/p>\n\n\n\n<p>Si el reclamo resulta incompleto, se requerir\u00e1 al interesado dentro de los cinco (5) d\u00edas siguientes a la recepci\u00f3n del reclamo para que subsane las fallas. Transcurridos dos (2) meses desde la fecha del requerimiento, sin que el solicitante presente la informaci\u00f3n requerida, se entender\u00e1 que ha desistido del reclamo.<\/p>\n\n\n\n<p>En caso de que quien reciba el reclamo no sea competente para resolverlo, dar\u00e1 traslado a quien corresponda en un t\u00e9rmino m\u00e1ximo de dos (2) d\u00edas h\u00e1biles e informar\u00e1 de la situaci\u00f3n al interesado.<\/p>\n\n\n\n<p><strong>Reclamo completo<\/strong><\/p>\n\n\n\n<p>Una vez recibido el reclamo completo, se incluir\u00e1 en la base de datos una leyenda que diga&nbsp;<strong>\u201creclamo en tr\u00e1mite\u201d<\/strong>&nbsp;y el motivo del mismo, en un t\u00e9rmino no mayor a dos (2) d\u00edas h\u00e1biles. Dicha leyenda deber\u00e1 mantenerse hasta que el reclamo sea decidido.<\/p>\n\n\n\n<p><strong>Tiempo de respuesta y pr\u00f3rroga:<\/strong><\/p>\n\n\n\n<p>El t\u00e9rmino m\u00e1ximo para atender el reclamo ser\u00e1 de quince (15) d\u00edas h\u00e1biles contados a partir del d\u00eda siguiente a la fecha de su recibo, entendiendo que ese tiempo corre desde que el reclamo est\u00e9 completo. Cuando no fuere posible atender el reclamo dentro de dicho t\u00e9rmino, se informar\u00e1 al interesado los motivos de la demora y la fecha en que se atender\u00e1 su reclamo, la cual en ning\u00fan caso podr\u00e1 superar los ocho (8) d\u00edas h\u00e1biles siguientes al vencimiento del primer t\u00e9rmino.<\/p>\n\n\n\n<p><strong>DERECHO QUE SE GARANTIZAN CON EL RECLAMO<\/strong><\/p>\n\n\n\n<p>Correcci\u00f3n o Actualizaci\u00f3n:&nbsp;JS Partes &amp; Equipos, &nbsp;garantizar\u00e1 a los titulares de datos personales contenidos en sus bases de datos o a sus causahabientes, el derecho de corregir o actualizar los datos personales que reposen en sus bases de datos, mediante presentaci\u00f3n de reclamaci\u00f3n, cuando consideren que se cumplen los par\u00e1metros establecidos por la ley o los se\u00f1alados en la presente Pol\u00edtica de Tratamiento de Datos Personales para que sea procedente&nbsp; la solicitud de Correcci\u00f3n o Actualizaci\u00f3n.&nbsp;&nbsp;<\/p>\n\n\n\n<p>Revocatoria de la autorizaci\u00f3n o Supresi\u00f3n de los datos Personales:&nbsp;JS Partes &amp; Equipos, garantizar\u00e1 a los titulares de datos personales contenidos en sus bases de datos o a sus causahabientes, el derecho de solicitar la revocatoria de la autorizaci\u00f3n o solicitar la supresi\u00f3n de la informaci\u00f3n contenida en su registro individual o toda aquella que est\u00e9 vinculada con su identificaci\u00f3n cuando consideren que se cumplen los par\u00e1metros establecidos por la ley o los se\u00f1alados en la presente Pol\u00edtica de Tratamiento de Datos Personales. As\u00ed mismo se garantiza el derecho de presentar reclamos cuando adviertan el presunto incumplimiento de la Ley 1581 de 2012 o de la presente Pol\u00edtica de tratamiento de datos personales.<\/p>\n\n\n\n<p>Supresi\u00f3n:&nbsp;En caso de resultar procedente la supresi\u00f3n de los datos personales del titular de la base de datos conforme a la reclamaci\u00f3n presentada, JS Partes &amp; Equipos., deber\u00e1 realizar operativamente la supresi\u00f3n de tal manera que la eliminaci\u00f3n no permita la recuperaci\u00f3n de la informaci\u00f3n, sin embargo, el Titular deber\u00e1 tener en cuenta que en algunos casos cierta informaci\u00f3n deber\u00e1 permanecer en registros hist\u00f3ricos por cumplimiento de deberes legales de la organizaci\u00f3n por lo que su supresi\u00f3n versar\u00e1 frente al tratamiento activo de los mismos y de acuerdo a la solicitud del titular.<\/p>\n\n\n\n<p><\/p>","protected":false},"excerpt":{"rendered":"<p>INTRODUCCI\u00d3N La Constituci\u00f3n Pol\u00edtica de Colombia en su art\u00edculo 15 establece como derecho de todo ciudadano adem\u00e1s de la intimidad, buen nombre, el derecho a \u201c(\u2026)&nbsp; conocer, actualizar y rectificar las informaciones que se hayan recogido sobre ellas en bancos de datos y en archivos de entidades p\u00fablicas y privadas (\u2026)\u201d. El deber de respetar [&hellip;]<\/p>\n","protected":false},"author":1,"featured_media":0,"parent":0,"menu_order":0,"comment_status":"closed","ping_status":"open","template":"","meta":{"footnotes":""},"class_list":["post-3","page","type-page","status-publish","hentry"],"_links":{"self":[{"href":"https:\/\/jspartesyequipos.com\/en\/wp-json\/wp\/v2\/pages\/3","targetHints":{"allow":["GET"]}}],"collection":[{"href":"https:\/\/jspartesyequipos.com\/en\/wp-json\/wp\/v2\/pages"}],"about":[{"href":"https:\/\/jspartesyequipos.com\/en\/wp-json\/wp\/v2\/types\/page"}],"author":[{"embeddable":true,"href":"https:\/\/jspartesyequipos.com\/en\/wp-json\/wp\/v2\/users\/1"}],"replies":[{"embeddable":true,"href":"https:\/\/jspartesyequipos.com\/en\/wp-json\/wp\/v2\/comments?post=3"}],"version-history":[{"count":9,"href":"https:\/\/jspartesyequipos.com\/en\/wp-json\/wp\/v2\/pages\/3\/revisions"}],"predecessor-version":[{"id":1637,"href":"https:\/\/jspartesyequipos.com\/en\/wp-json\/wp\/v2\/pages\/3\/revisions\/1637"}],"wp:attachment":[{"href":"https:\/\/jspartesyequipos.com\/en\/wp-json\/wp\/v2\/media?parent=3"}],"curies":[{"name":"wp","href":"https:\/\/api.w.org\/{rel}","templated":true}]}}