{"id":1518,"date":"2025-07-24T11:51:53","date_gmt":"2025-07-24T16:51:53","guid":{"rendered":"https:\/\/jspartesyequipos.com\/?page_id=1518"},"modified":"2026-02-23T18:19:43","modified_gmt":"2026-02-23T23:19:43","slug":"importaciones","status":"publish","type":"page","link":"https:\/\/jspartesyequipos.com\/en\/importaciones\/","title":{"rendered":"Importaciones"},"content":{"rendered":"<div data-elementor-type=\"wp-page\" data-elementor-id=\"1518\" class=\"elementor elementor-1518\" data-elementor-post-type=\"page\">\n\t\t\t\t<div class=\"elementor-element elementor-element-a44a62c e-flex e-con-boxed e-con e-parent\" data-id=\"a44a62c\" data-element_type=\"container\" data-e-type=\"container\" data-settings=\"{&quot;background_background&quot;:&quot;classic&quot;}\">\n\t\t\t\t\t<div class=\"e-con-inner\">\n\t\t\t\t<div class=\"elementor-element elementor-element-7408426 elementor-widget-divider--view-line elementor-widget elementor-widget-divider\" data-id=\"7408426\" data-element_type=\"widget\" data-e-type=\"widget\" data-widget_type=\"divider.default\">\n\t\t\t\t<div class=\"elementor-widget-container\">\n\t\t\t\t\t\t\t<div class=\"elementor-divider\">\n\t\t\t<span class=\"elementor-divider-separator\">\n\t\t\t\t\t\t<\/span>\n\t\t<\/div>\n\t\t\t\t\t\t<\/div>\n\t\t\t\t<\/div>\n\t\t\t\t<div class=\"elementor-element elementor-element-4d41952 elementor-widget elementor-widget-heading\" data-id=\"4d41952\" data-element_type=\"widget\" data-e-type=\"widget\" data-widget_type=\"heading.default\">\n\t\t\t\t<div class=\"elementor-widget-container\">\n\t\t\t\t\t<h2 class=\"elementor-heading-title elementor-size-default\">Importaciones sin fronteras<\/h2>\t\t\t\t<\/div>\n\t\t\t\t<\/div>\n\t\t\t\t\t<\/div>\n\t\t\t\t<\/div>\n\t\t<div class=\"elementor-element elementor-element-13cede5 e-flex e-con-boxed e-con e-parent\" data-id=\"13cede5\" data-element_type=\"container\" data-e-type=\"container\">\n\t\t\t\t\t<div class=\"e-con-inner\">\n\t\t<div class=\"elementor-element elementor-element-e8e35df e-con-full e-flex e-con e-child\" data-id=\"e8e35df\" data-element_type=\"container\" data-e-type=\"container\">\n\t\t\t\t<div class=\"elementor-element elementor-element-034cca6 elementor-widget elementor-widget-text-editor\" data-id=\"034cca6\" data-element_type=\"widget\" data-e-type=\"widget\" data-widget_type=\"text-editor.default\">\n\t\t\t\t<div class=\"elementor-widget-container\">\n\t\t\t\t\t\t\t\t\t<p>En <strong>JS Partes y Equipos<\/strong> conectamos tu operaci\u00f3n con los <strong>principales fabricantes de repuestos para maquinaria pesada en Asia<\/strong>, asegurando el suministro de productos de alta calidad a precios competitivos.<\/p><p>Nuestro sistema de <strong>importaci\u00f3n directa<\/strong> nos permite gestionar desde el pedido inicial hasta el despacho final, eliminando pasos innecesarios y garantizando una entrega m\u00e1s eficiente, segura y econ\u00f3mica.<\/p><ul><li><strong>Contenedores completos o carga consolidada<\/strong><\/li><li><strong>Transporte mar\u00edtimo y a\u00e9reo seg\u00fan necesidad<\/strong><\/li><li><strong>Despachos a cualquier ciudad de Colombia, M\u00e9xico o EE. UU.<\/strong><\/li><\/ul><p>Cada importaci\u00f3n es respaldada por un <strong>proceso log\u00edstico profesional y transparente<\/strong>, con documentaci\u00f3n completa, trazabilidad y seguimiento continuo. Contamos con presencia activa en <strong>China, Colombia, M\u00e9xico y Estados Unidos<\/strong>, lo que nos permite actuar con agilidad y control en cada etapa del proceso.<\/p><p><strong>\u00bfNecesitas un repuesto espec\u00edfico? Lo traemos directamente desde f\u00e1brica.<\/strong><br \/>Desde el momento en que haces tu solicitud, nuestro equipo valida especificaciones, gestiona la compra y te entrega el producto donde lo necesitas. Sin complicaciones. Sin sobrecostos.<\/p>\t\t\t\t\t\t\t\t<\/div>\n\t\t\t\t<\/div>\n\t\t\t\t<\/div>\n\t\t<div class=\"elementor-element elementor-element-f1c5c01 e-con-full e-flex e-con e-child\" data-id=\"f1c5c01\" data-element_type=\"container\" data-e-type=\"container\" data-settings=\"{&quot;background_background&quot;:&quot;classic&quot;}\">\n\t\t\t\t<\/div>\n\t\t\t\t\t<\/div>\n\t\t\t\t<\/div>\n\t\t\t\t<\/div>","protected":false},"excerpt":{"rendered":"<p>Importaciones sin fronteras En JS Partes y Equipos conectamos tu operaci\u00f3n con los principales fabricantes de repuestos para maquinaria pesada en Asia, asegurando el suministro de productos de alta calidad a precios competitivos. Nuestro sistema de importaci\u00f3n directa nos permite gestionar desde el pedido inicial hasta el despacho final, eliminando pasos innecesarios y garantizando una [&hellip;]<\/p>\n","protected":false},"author":1,"featured_media":0,"parent":0,"menu_order":0,"comment_status":"closed","ping_status":"closed","template":"elementor_header_footer","meta":{"footnotes":""},"class_list":["post-1518","page","type-page","status-publish","hentry"],"_links":{"self":[{"href":"https:\/\/jspartesyequipos.com\/en\/wp-json\/wp\/v2\/pages\/1518","targetHints":{"allow":["GET"]}}],"collection":[{"href":"https:\/\/jspartesyequipos.com\/en\/wp-json\/wp\/v2\/pages"}],"about":[{"href":"https:\/\/jspartesyequipos.com\/en\/wp-json\/wp\/v2\/types\/page"}],"author":[{"embeddable":true,"href":"https:\/\/jspartesyequipos.com\/en\/wp-json\/wp\/v2\/users\/1"}],"replies":[{"embeddable":true,"href":"https:\/\/jspartesyequipos.com\/en\/wp-json\/wp\/v2\/comments?post=1518"}],"version-history":[{"count":40,"href":"https:\/\/jspartesyequipos.com\/en\/wp-json\/wp\/v2\/pages\/1518\/revisions"}],"predecessor-version":[{"id":1609,"href":"https:\/\/jspartesyequipos.com\/en\/wp-json\/wp\/v2\/pages\/1518\/revisions\/1609"}],"wp:attachment":[{"href":"https:\/\/jspartesyequipos.com\/en\/wp-json\/wp\/v2\/media?parent=1518"}],"curies":[{"name":"wp","href":"https:\/\/api.w.org\/{rel}","templated":true}]}}